{"id":695,"date":"2021-01-27T15:46:17","date_gmt":"2021-01-27T15:46:17","guid":{"rendered":"http:\/\/admin-krankenkassen.ch\/?page_id=695"},"modified":"2021-01-27T16:11:12","modified_gmt":"2021-01-27T16:11:12","slug":"informationen","status":"publish","type":"page","link":"https:\/\/admin-krankenkassen.ch\/?page_id=695","title":{"rendered":"Informationen"},"content":{"rendered":"\t\t<div data-elementor-type=\"wp-page\" data-elementor-id=\"695\" class=\"elementor elementor-695\" data-elementor-settings=\"[]\">\n\t\t\t\t\t\t<div class=\"elementor-inner\">\n\t\t\t\t\t\t\t<div class=\"elementor-section-wrap\">\n\t\t\t\t\t\t\t<section class=\"elementor-section elementor-top-section elementor-element elementor-element-7f59786a elementor-section-full_width elementor-section-height-default elementor-section-height-default\" data-id=\"7f59786a\" data-element_type=\"section\">\n\t\t\t\t\t\t<div class=\"elementor-container elementor-column-gap-default\">\n\t\t\t\t\t\t\t<div class=\"elementor-row\">\n\t\t\t\t\t<div class=\"elementor-column elementor-col-100 elementor-top-column elementor-element elementor-element-768ff8f2\" data-id=\"768ff8f2\" data-element_type=\"column\">\n\t\t\t<div class=\"elementor-column-wrap elementor-element-populated\">\n\t\t\t\t\t\t\t<div class=\"elementor-widget-wrap\">\n\t\t\t\t\t\t<div class=\"elementor-element elementor-element-72a7baeb elementor-hidden-phone elementor-widget-divider--view-line elementor-widget elementor-widget-divider\" data-id=\"72a7baeb\" data-element_type=\"widget\" data-widget_type=\"divider.default\">\n\t\t\t\t<div class=\"elementor-widget-container\">\n\t\t\t\t\t<div class=\"elementor-divider\">\n\t\t\t<span class=\"elementor-divider-separator\">\n\t\t\t\t\t\t<\/span>\n\t\t<\/div>\n\t\t\t\t<\/div>\n\t\t\t\t<\/div>\n\t\t\t\t\t\t<\/div>\n\t\t\t\t\t<\/div>\n\t\t<\/div>\n\t\t\t\t\t\t\t\t<\/div>\n\t\t\t\t\t<\/div>\n\t\t<\/section>\n\t\t\t\t<section class=\"elementor-section elementor-top-section elementor-element elementor-element-1ff6511b elementor-section-full_width elementor-hidden-phone elementor-section-height-default elementor-section-height-default\" data-id=\"1ff6511b\" data-element_type=\"section\" data-settings=\"{&quot;background_background&quot;:&quot;classic&quot;}\">\n\t\t\t\t\t\t<div class=\"elementor-container elementor-column-gap-default\">\n\t\t\t\t\t\t\t<div class=\"elementor-row\">\n\t\t\t\t\t<div class=\"elementor-column elementor-col-66 elementor-top-column elementor-element elementor-element-7e0eca8f elementor-hidden-phone\" data-id=\"7e0eca8f\" data-element_type=\"column\" data-settings=\"{&quot;background_background&quot;:&quot;classic&quot;}\">\n\t\t\t<div class=\"elementor-column-wrap elementor-element-populated\">\n\t\t\t\t\t\t\t<div class=\"elementor-widget-wrap\">\n\t\t\t\t\t\t<div class=\"elementor-element elementor-element-cff036e elementor-nav-menu__align-center elementor-nav-menu--indicator-classic elementor-nav-menu--dropdown-tablet elementor-nav-menu__text-align-aside elementor-nav-menu--toggle elementor-nav-menu--burger elementor-widget elementor-widget-nav-menu\" data-id=\"cff036e\" data-element_type=\"widget\" data-settings=\"{&quot;layout&quot;:&quot;horizontal&quot;,&quot;toggle&quot;:&quot;burger&quot;}\" data-widget_type=\"nav-menu.default\">\n\t\t\t\t<div class=\"elementor-widget-container\">\n\t\t\t\t\t\t<nav role=\"navigation\" class=\"elementor-nav-menu--main elementor-nav-menu__container elementor-nav-menu--layout-horizontal e--pointer-none\"><ul id=\"menu-1-cff036e\" class=\"elementor-nav-menu\"><li class=\"menu-item menu-item-type-custom menu-item-object-custom menu-item-home menu-item-302\"><a href=\"https:\/\/admin-krankenkassen.ch\" class=\"elementor-item\">Startseite<\/a><\/li>\n<li class=\"menu-item menu-item-type-custom menu-item-object-custom menu-item-303\"><a href=\"https:\/\/admin-krankenkassen.ch\/?page_id=695\" class=\"elementor-item\">Informationen<\/a><\/li>\n<li class=\"menu-item menu-item-type-custom menu-item-object-custom menu-item-304\"><a href=\"https:\/\/admin-krankenkassen.ch\/?page_id=625\" class=\"elementor-item\">Krankenkassen<\/a><\/li>\n<li class=\"menu-item menu-item-type-custom menu-item-object-custom menu-item-home menu-item-305\"><a href=\"https:\/\/admin-krankenkassen.ch\/#rechner\" class=\"elementor-item elementor-item-anchor\">Pr\u00e4mienrechner<\/a><\/li>\n<li class=\"menu-item menu-item-type-custom menu-item-object-custom menu-item-306\"><a href=\"https:\/\/admin-krankenkassen.ch\/?page_id=605\" class=\"elementor-item\">Kontakt<\/a><\/li>\n<\/ul><\/nav>\n\t\t\t\t\t<div class=\"elementor-menu-toggle\" role=\"button\" tabindex=\"0\" aria-label=\"Menu Toggle\" aria-expanded=\"false\">\n\t\t\t<i class=\"eicon-menu-bar\" aria-hidden=\"true\"><\/i>\n\t\t\t<span class=\"elementor-screen-only\">Menu<\/span>\n\t\t<\/div>\n\t\t\t<nav class=\"elementor-nav-menu--dropdown elementor-nav-menu__container\" role=\"navigation\" aria-hidden=\"true\"><ul id=\"menu-2-cff036e\" class=\"elementor-nav-menu\"><li class=\"menu-item menu-item-type-custom menu-item-object-custom menu-item-home menu-item-302\"><a href=\"https:\/\/admin-krankenkassen.ch\" class=\"elementor-item\">Startseite<\/a><\/li>\n<li class=\"menu-item menu-item-type-custom menu-item-object-custom menu-item-303\"><a href=\"https:\/\/admin-krankenkassen.ch\/?page_id=695\" class=\"elementor-item\">Informationen<\/a><\/li>\n<li class=\"menu-item menu-item-type-custom menu-item-object-custom menu-item-304\"><a href=\"https:\/\/admin-krankenkassen.ch\/?page_id=625\" class=\"elementor-item\">Krankenkassen<\/a><\/li>\n<li class=\"menu-item menu-item-type-custom menu-item-object-custom menu-item-home menu-item-305\"><a href=\"https:\/\/admin-krankenkassen.ch\/#rechner\" class=\"elementor-item elementor-item-anchor\">Pr\u00e4mienrechner<\/a><\/li>\n<li class=\"menu-item menu-item-type-custom menu-item-object-custom menu-item-306\"><a href=\"https:\/\/admin-krankenkassen.ch\/?page_id=605\" class=\"elementor-item\">Kontakt<\/a><\/li>\n<\/ul><\/nav>\n\t\t\t\t<\/div>\n\t\t\t\t<\/div>\n\t\t\t\t\t\t<\/div>\n\t\t\t\t\t<\/div>\n\t\t<\/div>\n\t\t\t\t<div class=\"elementor-column elementor-col-33 elementor-top-column elementor-element elementor-element-4d8b80c elementor-hidden-phone\" data-id=\"4d8b80c\" data-element_type=\"column\" data-settings=\"{&quot;background_background&quot;:&quot;classic&quot;}\">\n\t\t\t<div class=\"elementor-column-wrap elementor-element-populated\">\n\t\t\t\t\t\t\t<div class=\"elementor-widget-wrap\">\n\t\t\t\t\t\t<div class=\"elementor-element elementor-element-4965ad69 elementor-align-left elementor-hidden-phone elementor-widget elementor-widget-button\" data-id=\"4965ad69\" data-element_type=\"widget\" data-widget_type=\"button.default\">\n\t\t\t\t<div class=\"elementor-widget-container\">\n\t\t\t\t\t<div class=\"elementor-button-wrapper\">\n\t\t\t<a href=\"#rechner\" class=\"elementor-button-link elementor-button elementor-size-sm\" role=\"button\">\n\t\t\t\t\t\t<span class=\"elementor-button-content-wrapper\">\n\t\t\t\t\t\t<span class=\"elementor-button-icon elementor-align-icon-left\">\n\t\t\t\t<i aria-hidden=\"true\" class=\"fas fa-calculator\"><\/i>\t\t\t<\/span>\n\t\t\t\t\t\t<span class=\"elementor-button-text\">NEUE PR\u00c4MIEN 2021<\/span>\n\t\t<\/span>\n\t\t\t\t\t<\/a>\n\t\t<\/div>\n\t\t\t\t<\/div>\n\t\t\t\t<\/div>\n\t\t\t\t\t\t<\/div>\n\t\t\t\t\t<\/div>\n\t\t<\/div>\n\t\t\t\t\t\t\t\t<\/div>\n\t\t\t\t\t<\/div>\n\t\t<\/section>\n\t\t\t\t<section class=\"elementor-section elementor-top-section elementor-element elementor-element-46e2eab8 elementor-section-full_width elementor-section-height-default elementor-section-height-default\" data-id=\"46e2eab8\" data-element_type=\"section\">\n\t\t\t\t\t\t<div class=\"elementor-container elementor-column-gap-default\">\n\t\t\t\t\t\t\t<div class=\"elementor-row\">\n\t\t\t\t\t<div class=\"elementor-column elementor-col-16 elementor-top-column elementor-element elementor-element-65b97d8e\" data-id=\"65b97d8e\" data-element_type=\"column\">\n\t\t\t<div class=\"elementor-column-wrap\">\n\t\t\t\t\t\t\t<div class=\"elementor-widget-wrap\">\n\t\t\t\t\t\t\t\t<\/div>\n\t\t\t\t\t<\/div>\n\t\t<\/div>\n\t\t\t\t<div class=\"elementor-column elementor-col-66 elementor-top-column elementor-element elementor-element-590cec7f\" data-id=\"590cec7f\" data-element_type=\"column\">\n\t\t\t<div class=\"elementor-column-wrap elementor-element-populated\">\n\t\t\t\t\t\t\t<div class=\"elementor-widget-wrap\">\n\t\t\t\t\t\t<div class=\"elementor-element elementor-element-2331c7ff elementor-widget elementor-widget-text-editor\" data-id=\"2331c7ff\" data-element_type=\"widget\" data-widget_type=\"text-editor.default\">\n\t\t\t\t<div class=\"elementor-widget-container\">\n\t\t\t\t\t<div class=\"elementor-text-editor elementor-clearfix\"><p><strong>Was Sie Grundlegendes \u00fcber die Schweizer Krankenversicherungen wissen sollten<\/strong><\/p><p>Die obligatorische Krankenversicherung (auch als Grundversicherung Schweiz bekannt) stellt die medizinische Grundversorgung aller B\u00fcrger der Schweiz sicher.\u00a0<\/p><p>Ein Leben in der Schweiz wird f\u00fcr viele Deutsche und Angeh\u00f6rige anderer Staaten immer interessanter. Die Wirtschaft floriert und das gesellschaftliche Leben bietet viele angenehme Vorteile.<\/p><p>Zu den Attraktivit\u00e4ten des Landes geh\u00f6rt auch das zuverl\u00e4ssige und gut bew\u00e4hrte Gesundheitswesen, das f\u00fcr alle Schweizer und auch Einwanderer aus dem Ausland zur Verf\u00fcgung steht.<\/p><p>Die Krankenkassen arbeiten in der Grundversicherung Schweiz nach einem offenen Wettbewerbsprinzip und werden dennoch regelm\u00e4ssig kontrolliert. Wenn Sie sich dementsprechend gut versichern, schlafen Sie garantiert unbesorgter, denn Ihre Gesundheit ist bestens gesch\u00fctzt.Wir zeigen Ihnen hier in kurzer Form alle wichtigen Merkmale der Schweizer Krankenversicherungen auf.<\/p><p><strong>Grundversicherung Schweiz bedeutet: Die obligatorische Krankenversicherung ist f\u00fcr jeden Bewohner der Schweiz Pflicht. <\/strong><\/p><p>In einem Krankheitsfall, w\u00e4hrend der Mutterschaft und nach einem Unfall muss die entsprechende Krankenkasse f\u00fcr alle Leistungen aufkommen. Dazu ist sie in der Schweiz gesetzlich verpflichtet.<\/p><p>Gleichzeitig muss jede Krankenkasse, bei der Sie einen Aufnahmeantrag f\u00fcr die Grundversicherung stellen, diesen ohne Einschr\u00e4nkung und vorherigen Gesundheitstest bewilligen.<\/p><p>Im Durchschnitt zahlen Sie 14,6 Prozent f\u00fcr den Grundbetrag in der Schweiz. Die Zusatzbeitr\u00e4ge der gesetzlichen Krankenversicherungen in der Schweiz variieren dabei zwischen 0,3 und 1,8 Prozent.<\/p><p><strong>Neben der Grundversicherung Schweiz gibt es die Zusatzversicherungen<\/strong><\/p><p>Diese Zusatzversicherungen \u00fcbernehmen Leistungen in der Schweiz und im Ausland, die die Grundversicherung Schweiz nicht abdeckt. Die Krankenversicherungen in der Schweiz bieten Ihnen hier zahlreiche und verschiedene Angebote mit unterschiedlichen Leistungsbez\u00fcgen und Beitr\u00e4gen an.<\/p><p><strong>Die Zusatzversicherungen werden dabei in folgende Kategorien unterteilt.<\/strong><\/p><p><strong>Die ambulanten Zusatzversicherungen:<\/strong> Diese \u00fcbernehmen die Kosten f\u00fcr ambulante Behandlungen beim Arzt, f\u00fcr Medikamente und Vorsorgeuntersuchungen zum Beispiel w\u00e4hrend der Mutterschaft.<\/p><p><strong>Die Spitalzusatzversicherungen:<\/strong> Diese Versicherungen sorgen f\u00fcr die Kosten\u00fcbernahme bei station\u00e4ren Aufenthalten in Kliniken und Krankenh\u00e4usern w\u00e4hrend der Behandlungen.<\/p><p><strong>Zahnversicherungen:<\/strong> F\u00fcr Kinder und Erwachsene lohnt sich diese Versicherung gleichermassen, denn die Kosten f\u00fcr einen Zahnarztbesuch k\u00f6nnen schnell sehr hoch werden.<\/p><p><strong>Sonderzusatzversicherungen:<\/strong> Hier gibt es zum Beispiel Versicherungen f\u00fcr Pflegef\u00e4lle, Todesf\u00e4lle und Invalidit\u00e4t.<\/p><p><strong>Grenzg\u00e4ngerversicherungen:<\/strong> Wer als Schweizer im Ausland leben und trotzdem nicht auf die obligatorische Grundversicherung Schweiz verzichten m\u00f6chte, hat innerhalb der ETFA-Staaten die M\u00f6glichkeit, sich weiterhin in der Schweiz krankenversichern zu lassen.<\/p><p><strong>Zusatzversicherungen f\u00fcr Babys und Neugeborene:<\/strong> Hier gibt es interessante M\u00f6glichkeiten, um Ihren Nachwuchs von Anfang an perfekt zu versorgen und ihn gut zu versichern.<\/p><p><strong>Wichtig zu beachten ist auch die Franchise, der Selbstbehalt, und die drei verschiedenen Arzt-Modelle in der Schweiz.<\/strong><\/p><p>F\u00fcr bestimmte Leistungen im Krankenhaus, beim Facharzt oder f\u00fcr einige Medikamente m\u00fcssen Sie in der Schweiz einen Eigenbeitrag zuzahlen. Diese Beteiligung an den Kosten besteht aus der sogenannten Franchise und einem Selbstbehalt von zehn Prozent.<\/p><p>Die Franchise wird einmal j\u00e4hrlich entrichtet und je nach festgelegter H\u00f6he entscheiden Sie, wie viel Zuzahlung Sie zum Beispiel im Falle einer Erkrankung selbst \u00fcbernehmen wollen. \u00dcber das sogenannte HMO, Hausarzt\u2013 und Telmed-Modell werden die Zust\u00e4ndigkeiten und die Kosten der Behandlung im medizinischen Sinne geregelt.<\/p><\/div>\n\t\t\t\t<\/div>\n\t\t\t\t<\/div>\n\t\t\t\t\t\t<\/div>\n\t\t\t\t\t<\/div>\n\t\t<\/div>\n\t\t\t\t<div class=\"elementor-column elementor-col-16 elementor-top-column elementor-element elementor-element-3e81267f\" data-id=\"3e81267f\" data-element_type=\"column\">\n\t\t\t<div class=\"elementor-column-wrap\">\n\t\t\t\t\t\t\t<div class=\"elementor-widget-wrap\">\n\t\t\t\t\t\t\t\t<\/div>\n\t\t\t\t\t<\/div>\n\t\t<\/div>\n\t\t\t\t\t\t\t\t<\/div>\n\t\t\t\t\t<\/div>\n\t\t<\/section>\n\t\t\t\t<section class=\"elementor-section elementor-top-section elementor-element elementor-element-62022b07 elementor-section-boxed elementor-section-height-default elementor-section-height-default\" data-id=\"62022b07\" data-element_type=\"section\" data-settings=\"{&quot;background_background&quot;:&quot;classic&quot;}\">\n\t\t\t\t\t\t<div class=\"elementor-container elementor-column-gap-default\">\n\t\t\t\t\t\t\t<div class=\"elementor-row\">\n\t\t\t\t\t<div class=\"elementor-column elementor-col-100 elementor-top-column elementor-element elementor-element-4bf40458\" data-id=\"4bf40458\" data-element_type=\"column\">\n\t\t\t<div class=\"elementor-column-wrap elementor-element-populated\">\n\t\t\t\t\t\t\t<div class=\"elementor-widget-wrap\">\n\t\t\t\t\t\t<section class=\"elementor-section elementor-inner-section elementor-element elementor-element-1bd010af elementor-section-boxed elementor-section-height-default elementor-section-height-default\" data-id=\"1bd010af\" data-element_type=\"section\">\n\t\t\t\t\t\t<div class=\"elementor-container elementor-column-gap-default\">\n\t\t\t\t\t\t\t<div class=\"elementor-row\">\n\t\t\t\t\t<div class=\"elementor-column elementor-col-50 elementor-inner-column elementor-element elementor-element-615442ac\" data-id=\"615442ac\" data-element_type=\"column\">\n\t\t\t<div class=\"elementor-column-wrap elementor-element-populated\">\n\t\t\t\t\t\t\t<div class=\"elementor-widget-wrap\">\n\t\t\t\t\t\t<div class=\"elementor-element elementor-element-8b3c8a8 elementor-widget elementor-widget-text-editor\" data-id=\"8b3c8a8\" data-element_type=\"widget\" data-widget_type=\"text-editor.default\">\n\t\t\t\t<div class=\"elementor-widget-container\">\n\t\t\t\t\t<div class=\"elementor-text-editor elementor-clearfix\"><p><a href=\"https:\/\/admin-krankenkassen.ch\/\">Startseite<\/a><\/p><p><a href=\"https:\/\/admin-krankenkassen.ch\/?page_id=672\">Impressum<\/a><\/p><p><a href=\"https:\/\/admin-krankenkassen.ch\/?page_id=672\">Datenschutz<\/a><\/p><p><a href=\"https:\/\/admin-krankenkassen.ch\/?page_id=605\">Kontakt<\/a><\/p><\/div>\n\t\t\t\t<\/div>\n\t\t\t\t<\/div>\n\t\t\t\t\t\t<\/div>\n\t\t\t\t\t<\/div>\n\t\t<\/div>\n\t\t\t\t<div class=\"elementor-column elementor-col-50 elementor-inner-column elementor-element elementor-element-4f1ef6b7\" data-id=\"4f1ef6b7\" data-element_type=\"column\">\n\t\t\t<div class=\"elementor-column-wrap elementor-element-populated\">\n\t\t\t\t\t\t\t<div class=\"elementor-widget-wrap\">\n\t\t\t\t\t\t<div class=\"elementor-element elementor-element-69abb12f elementor-widget elementor-widget-text-editor\" data-id=\"69abb12f\" data-element_type=\"widget\" data-widget_type=\"text-editor.default\">\n\t\t\t\t<div class=\"elementor-widget-container\">\n\t\t\t\t\t<div class=\"elementor-text-editor elementor-clearfix\"><p><a href=\"https:\/\/admin-krankenkassen.ch\/?page_id=695\">Tipps<\/a><\/p><p><a href=\"https:\/\/admin-krankenkassen.ch\/?page_id=625\">Alle Krankenkassen<\/a><\/p><p><a href=\"https:\/\/admin-krankenkassen.ch\/#rechner\">Pr\u00e4mienrechner<\/a><\/p><\/div>\n\t\t\t\t<\/div>\n\t\t\t\t<\/div>\n\t\t\t\t\t\t<\/div>\n\t\t\t\t\t<\/div>\n\t\t<\/div>\n\t\t\t\t\t\t\t\t<\/div>\n\t\t\t\t\t<\/div>\n\t\t<\/section>\n\t\t\t\t<div class=\"elementor-element elementor-element-477a522d elementor-widget elementor-widget-text-editor\" data-id=\"477a522d\" data-element_type=\"widget\" data-widget_type=\"text-editor.default\">\n\t\t\t\t<div class=\"elementor-widget-container\">\n\t\t\t\t\t<div class=\"elementor-text-editor elementor-clearfix\"><p><strong>Copyright \u00a9 2020 admin-krankenkassen.ch<\/strong><\/p><\/div>\n\t\t\t\t<\/div>\n\t\t\t\t<\/div>\n\t\t\t\t\t\t<\/div>\n\t\t\t\t\t<\/div>\n\t\t<\/div>\n\t\t\t\t\t\t\t\t<\/div>\n\t\t\t\t\t<\/div>\n\t\t<\/section>\n\t\t\t\t\t\t<\/div>\n\t\t\t\t\t\t<\/div>\n\t\t\t\t\t<\/div>\n\t\t","protected":false},"excerpt":{"rendered":"<p>NEUE PR\u00c4MIEN 2021 Was Sie Grundlegendes \u00fcber die Schweizer Krankenversicherungen wissen sollten Die obligatorische Krankenversicherung (auch als Grundversicherung Schweiz bekannt) stellt die medizinische Grundversorgung aller B\u00fcrger der Schweiz sicher.\u00a0 Ein Leben in der Schweiz wird f\u00fcr viele Deutsche und Angeh\u00f6rige anderer Staaten immer interessanter. Die Wirtschaft floriert und das gesellschaftliche Leben bietet viele angenehme Vorteile. [&hellip;]<\/p>\n","protected":false},"author":1,"featured_media":0,"parent":0,"menu_order":0,"comment_status":"closed","ping_status":"closed","template":"elementor_canvas","meta":[],"_links":{"self":[{"href":"https:\/\/admin-krankenkassen.ch\/index.php?rest_route=\/wp\/v2\/pages\/695"}],"collection":[{"href":"https:\/\/admin-krankenkassen.ch\/index.php?rest_route=\/wp\/v2\/pages"}],"about":[{"href":"https:\/\/admin-krankenkassen.ch\/index.php?rest_route=\/wp\/v2\/types\/page"}],"author":[{"embeddable":true,"href":"https:\/\/admin-krankenkassen.ch\/index.php?rest_route=\/wp\/v2\/users\/1"}],"replies":[{"embeddable":true,"href":"https:\/\/admin-krankenkassen.ch\/index.php?rest_route=%2Fwp%2Fv2%2Fcomments&post=695"}],"version-history":[{"count":19,"href":"https:\/\/admin-krankenkassen.ch\/index.php?rest_route=\/wp\/v2\/pages\/695\/revisions"}],"predecessor-version":[{"id":748,"href":"https:\/\/admin-krankenkassen.ch\/index.php?rest_route=\/wp\/v2\/pages\/695\/revisions\/748"}],"wp:attachment":[{"href":"https:\/\/admin-krankenkassen.ch\/index.php?rest_route=%2Fwp%2Fv2%2Fmedia&parent=695"}],"curies":[{"name":"wp","href":"https:\/\/api.w.org\/{rel}","templated":true}]}}